{"id":9961,"date":"2026-04-14T11:38:44","date_gmt":"2026-04-14T09:38:44","guid":{"rendered":"https:\/\/www.weroad.es\/blog\/?page_id=9961"},"modified":"2026-04-15T15:22:30","modified_gmt":"2026-04-15T13:22:30","slug":"guias","status":"publish","type":"page","link":"https:\/\/www.weroad.es\/blog\/guias\/","title":{"rendered":"Gu\u00edas de viaje"},"content":{"rendered":"","protected":false},"excerpt":{"rendered":"","protected":false},"author":42,"featured_media":0,"parent":0,"menu_order":0,"comment_status":"closed","ping_status":"closed","template":"page-templates\/mete.php","meta":{"_acf_changed":false,"footnotes":""},"class_list":["post-9961","page","type-page","status-publish","hentry"],"acf":[],"yoast_head":"<!-- This site is optimized with the Yoast SEO Premium plugin v23.5 (Yoast SEO v26.8) - https:\/\/yoast.com\/product\/yoast-seo-premium-wordpress\/ -->\n<title>Gu\u00edas de viaje: d\u00f3nde ir, qu\u00e9 hacer, consejos | WeRoad<\/title>\n<meta name=\"description\" content=\"Descubre todas las gu\u00edas de WeRoad. Encuentra muchos consejos para elegir tu destino y organizar tu pr\u00f3ximo viaje de la mejor manera.\" \/>\n<meta name=\"robots\" content=\"index, follow, max-snippet:-1, max-image-preview:large, max-video-preview:-1\" \/>\n<link rel=\"canonical\" href=\"https:\/\/www.weroad.es\/blog\/guias\/\" \/>\n<meta property=\"og:locale\" content=\"es_ES\" \/>\n<meta property=\"og:type\" content=\"article\" \/>\n<meta property=\"og:title\" content=\"Gu\u00edas de viaje\" \/>\n<meta property=\"og:description\" content=\"Descubre todas las gu\u00edas de WeRoad. Encuentra muchos consejos para elegir tu destino y organizar tu pr\u00f3ximo viaje de la mejor manera.\" \/>\n<meta property=\"og:url\" content=\"https:\/\/www.weroad.es\/blog\/guias\/\" \/>\n<meta property=\"og:site_name\" content=\"Stories\" \/>\n<meta name=\"twitter:card\" content=\"summary_large_image\" \/>\n<script type=\"application\/ld+json\" class=\"yoast-schema-graph\">{\"@context\":\"https:\/\/schema.org\",\"@graph\":[{\"@type\":\"WebPage\",\"@id\":\"https:\/\/www.weroad.es\/blog\/guias\/\",\"url\":\"https:\/\/www.weroad.es\/blog\/guias\/\",\"name\":\"Gu\u00edas de viaje: d\u00f3nde ir, qu\u00e9 hacer, consejos | WeRoad\",\"isPartOf\":{\"@id\":\"https:\/\/www.weroad.es\/blog\/#website\"},\"datePublished\":\"2026-04-14T09:38:44+00:00\",\"description\":\"Descubre todas las gu\u00edas de WeRoad. Encuentra muchos consejos para elegir tu destino y organizar tu pr\u00f3ximo viaje de la mejor manera.\",\"breadcrumb\":{\"@id\":\"https:\/\/www.weroad.es\/blog\/guias\/#breadcrumb\"},\"inLanguage\":\"es\",\"potentialAction\":[{\"@type\":\"ReadAction\",\"target\":[\"https:\/\/www.weroad.es\/blog\/guias\/\"]}]},{\"@type\":\"BreadcrumbList\",\"@id\":\"https:\/\/www.weroad.es\/blog\/guias\/#breadcrumb\",\"itemListElement\":[{\"@type\":\"ListItem\",\"position\":1,\"name\":\"Portada\",\"item\":\"https:\/\/www.weroad.es\/blog\/\"},{\"@type\":\"ListItem\",\"position\":2,\"name\":\"Gu\u00edas de viaje\"}]},{\"@type\":\"WebSite\",\"@id\":\"https:\/\/www.weroad.es\/blog\/#website\",\"url\":\"https:\/\/www.weroad.es\/blog\/\",\"name\":\"Stories\",\"description\":\"A blog by WeRoad\",\"potentialAction\":[{\"@type\":\"SearchAction\",\"target\":{\"@type\":\"EntryPoint\",\"urlTemplate\":\"https:\/\/www.weroad.es\/blog\/?s={search_term_string}\"},\"query-input\":{\"@type\":\"PropertyValueSpecification\",\"valueRequired\":true,\"valueName\":\"search_term_string\"}}],\"inLanguage\":\"es\"}]}<\/script>\n<!-- \/ Yoast SEO Premium plugin. -->","yoast_head_json":{"title":"Gu\u00edas de viaje: d\u00f3nde ir, qu\u00e9 hacer, consejos | WeRoad","description":"Descubre todas las gu\u00edas de WeRoad. Encuentra muchos consejos para elegir tu destino y organizar tu pr\u00f3ximo viaje de la mejor manera.","robots":{"index":"index","follow":"follow","max-snippet":"max-snippet:-1","max-image-preview":"max-image-preview:large","max-video-preview":"max-video-preview:-1"},"canonical":"https:\/\/www.weroad.es\/blog\/guias\/","og_locale":"es_ES","og_type":"article","og_title":"Gu\u00edas de viaje","og_description":"Descubre todas las gu\u00edas de WeRoad. Encuentra muchos consejos para elegir tu destino y organizar tu pr\u00f3ximo viaje de la mejor manera.","og_url":"https:\/\/www.weroad.es\/blog\/guias\/","og_site_name":"Stories","twitter_card":"summary_large_image","schema":{"@context":"https:\/\/schema.org","@graph":[{"@type":"WebPage","@id":"https:\/\/www.weroad.es\/blog\/guias\/","url":"https:\/\/www.weroad.es\/blog\/guias\/","name":"Gu\u00edas de viaje: d\u00f3nde ir, qu\u00e9 hacer, consejos | WeRoad","isPartOf":{"@id":"https:\/\/www.weroad.es\/blog\/#website"},"datePublished":"2026-04-14T09:38:44+00:00","description":"Descubre todas las gu\u00edas de WeRoad. Encuentra muchos consejos para elegir tu destino y organizar tu pr\u00f3ximo viaje de la mejor manera.","breadcrumb":{"@id":"https:\/\/www.weroad.es\/blog\/guias\/#breadcrumb"},"inLanguage":"es","potentialAction":[{"@type":"ReadAction","target":["https:\/\/www.weroad.es\/blog\/guias\/"]}]},{"@type":"BreadcrumbList","@id":"https:\/\/www.weroad.es\/blog\/guias\/#breadcrumb","itemListElement":[{"@type":"ListItem","position":1,"name":"Portada","item":"https:\/\/www.weroad.es\/blog\/"},{"@type":"ListItem","position":2,"name":"Gu\u00edas de viaje"}]},{"@type":"WebSite","@id":"https:\/\/www.weroad.es\/blog\/#website","url":"https:\/\/www.weroad.es\/blog\/","name":"Stories","description":"A blog by WeRoad","potentialAction":[{"@type":"SearchAction","target":{"@type":"EntryPoint","urlTemplate":"https:\/\/www.weroad.es\/blog\/?s={search_term_string}"},"query-input":{"@type":"PropertyValueSpecification","valueRequired":true,"valueName":"search_term_string"}}],"inLanguage":"es"}]}},"_links":{"self":[{"href":"https:\/\/www.weroad.es\/blog\/wp-json\/wp\/v2\/pages\/9961","targetHints":{"allow":["GET"]}}],"collection":[{"href":"https:\/\/www.weroad.es\/blog\/wp-json\/wp\/v2\/pages"}],"about":[{"href":"https:\/\/www.weroad.es\/blog\/wp-json\/wp\/v2\/types\/page"}],"author":[{"embeddable":true,"href":"https:\/\/www.weroad.es\/blog\/wp-json\/wp\/v2\/users\/42"}],"replies":[{"embeddable":true,"href":"https:\/\/www.weroad.es\/blog\/wp-json\/wp\/v2\/comments?post=9961"}],"version-history":[{"count":2,"href":"https:\/\/www.weroad.es\/blog\/wp-json\/wp\/v2\/pages\/9961\/revisions"}],"predecessor-version":[{"id":9985,"href":"https:\/\/www.weroad.es\/blog\/wp-json\/wp\/v2\/pages\/9961\/revisions\/9985"}],"wp:attachment":[{"href":"https:\/\/www.weroad.es\/blog\/wp-json\/wp\/v2\/media?parent=9961"}],"curies":[{"name":"wp","href":"https:\/\/api.w.org\/{rel}","templated":true}]}}